{"id":1143,"date":"2019-06-07T08:57:39","date_gmt":"2019-06-07T06:57:39","guid":{"rendered":"https:\/\/renovebath.com\/empresa\/"},"modified":"2025-06-06T13:49:36","modified_gmt":"2025-06-06T11:49:36","slug":"empresa","status":"publish","type":"page","link":"https:\/\/renovebath.com\/ca\/empresa\/","title":{"rendered":"Empresa"},"content":{"rendered":"","protected":false},"excerpt":{"rendered":"","protected":false},"author":2,"featured_media":0,"parent":0,"menu_order":0,"comment_status":"closed","ping_status":"closed","template":"","meta":{"_acf_changed":false,"footnotes":""},"class_list":["post-1143","page","type-page","status-publish","hentry"],"acf":[],"yoast_head":"<!-- This site is optimized with the Yoast SEO plugin v27.2 - https:\/\/yoast.com\/product\/yoast-seo-wordpress\/ -->\n<title>Empresa - RENOVEBATH<\/title>\n<meta name=\"description\" content=\"Renovebath pionera a Espanya des de l&#039;any 2000 a la renovaci\u00f3 de banyeres sense necessitat d&#039;obres, \u00e9s la m\u00e9s destacada del seu sector.\" \/>\n<meta name=\"robots\" content=\"index, follow, max-snippet:-1, max-image-preview:large, max-video-preview:-1\" \/>\n<link rel=\"canonical\" href=\"https:\/\/renovebath.com\/ca\/empresa\/\" \/>\n<meta property=\"og:locale\" content=\"ca_ES\" \/>\n<meta property=\"og:type\" content=\"article\" \/>\n<meta property=\"og:title\" content=\"Empresa - RENOVEBATH\" \/>\n<meta property=\"og:description\" content=\"Renovebath pionera a Espanya des de l&#039;any 2000 a la renovaci\u00f3 de banyeres sense necessitat d&#039;obres, \u00e9s la m\u00e9s destacada del seu sector.\" \/>\n<meta property=\"og:url\" content=\"https:\/\/renovebath.com\/ca\/empresa\/\" \/>\n<meta property=\"og:site_name\" content=\"RENOVEBATH\" \/>\n<meta property=\"article:modified_time\" content=\"2025-06-06T11:49:36+00:00\" \/>\n<meta property=\"og:image\" content=\"https:\/\/renovebath.com\/wp-content\/uploads\/2022\/12\/icon.png\" \/>\n\t<meta property=\"og:image:width\" content=\"512\" \/>\n\t<meta property=\"og:image:height\" content=\"512\" \/>\n\t<meta property=\"og:image:type\" content=\"image\/png\" \/>\n<meta name=\"twitter:card\" content=\"summary_large_image\" \/>\n<script type=\"application\/ld+json\" class=\"yoast-schema-graph\">{\"@context\":\"https:\/\/schema.org\",\"@graph\":[{\"@type\":\"WebPage\",\"@id\":\"https:\/\/renovebath.com\/ca\/empresa\/\",\"url\":\"https:\/\/renovebath.com\/ca\/empresa\/\",\"name\":\"Empresa - RENOVEBATH\",\"isPartOf\":{\"@id\":\"https:\/\/renovebath.com\/#website\"},\"datePublished\":\"2019-06-07T06:57:39+00:00\",\"dateModified\":\"2025-06-06T11:49:36+00:00\",\"description\":\"Renovebath pionera a Espanya des de l'any 2000 a la renovaci\u00f3 de banyeres sense necessitat d'obres, \u00e9s la m\u00e9s destacada del seu sector.\",\"breadcrumb\":{\"@id\":\"https:\/\/renovebath.com\/ca\/empresa\/#breadcrumb\"},\"inLanguage\":\"ca\",\"potentialAction\":[{\"@type\":\"ReadAction\",\"target\":[\"https:\/\/renovebath.com\/ca\/empresa\/\"]}]},{\"@type\":\"BreadcrumbList\",\"@id\":\"https:\/\/renovebath.com\/ca\/empresa\/#breadcrumb\",\"itemListElement\":[{\"@type\":\"ListItem\",\"position\":1,\"name\":\"Portada\",\"item\":\"https:\/\/renovebath.com\/ca\/home\/\"},{\"@type\":\"ListItem\",\"position\":2,\"name\":\"Empresa\"}]},{\"@type\":\"WebSite\",\"@id\":\"https:\/\/renovebath.com\/#website\",\"url\":\"https:\/\/renovebath.com\/\",\"name\":\"RENOVEBATH\",\"description\":\"Renovaci\u00f3 de banyera sense obres i reparaci\u00f3 de banyera\",\"publisher\":{\"@id\":\"https:\/\/renovebath.com\/#organization\"},\"potentialAction\":[{\"@type\":\"SearchAction\",\"target\":{\"@type\":\"EntryPoint\",\"urlTemplate\":\"https:\/\/renovebath.com\/?s={search_term_string}\"},\"query-input\":{\"@type\":\"PropertyValueSpecification\",\"valueRequired\":true,\"valueName\":\"search_term_string\"}}],\"inLanguage\":\"ca\"},{\"@type\":\"Organization\",\"@id\":\"https:\/\/renovebath.com\/#organization\",\"name\":\"Renovebath\",\"url\":\"https:\/\/renovebath.com\/\",\"logo\":{\"@type\":\"ImageObject\",\"inLanguage\":\"ca\",\"@id\":\"https:\/\/renovebath.com\/#\/schema\/logo\/image\/\",\"url\":\"https:\/\/renovebath.com\/wp-content\/uploads\/2019\/11\/logo-renovebath.jpg\",\"contentUrl\":\"https:\/\/renovebath.com\/wp-content\/uploads\/2019\/11\/logo-renovebath.jpg\",\"width\":301,\"height\":106,\"caption\":\"Renovebath\"},\"image\":{\"@id\":\"https:\/\/renovebath.com\/#\/schema\/logo\/image\/\"}}]}<\/script>\n<!-- \/ Yoast SEO plugin. -->","yoast_head_json":{"title":"Empresa - RENOVEBATH","description":"Renovebath pionera a Espanya des de l'any 2000 a la renovaci\u00f3 de banyeres sense necessitat d'obres, \u00e9s la m\u00e9s destacada del seu sector.","robots":{"index":"index","follow":"follow","max-snippet":"max-snippet:-1","max-image-preview":"max-image-preview:large","max-video-preview":"max-video-preview:-1"},"canonical":"https:\/\/renovebath.com\/ca\/empresa\/","og_locale":"ca_ES","og_type":"article","og_title":"Empresa - RENOVEBATH","og_description":"Renovebath pionera a Espanya des de l'any 2000 a la renovaci\u00f3 de banyeres sense necessitat d'obres, \u00e9s la m\u00e9s destacada del seu sector.","og_url":"https:\/\/renovebath.com\/ca\/empresa\/","og_site_name":"RENOVEBATH","article_modified_time":"2025-06-06T11:49:36+00:00","og_image":[{"width":512,"height":512,"url":"https:\/\/renovebath.com\/wp-content\/uploads\/2022\/12\/icon.png","type":"image\/png"}],"twitter_card":"summary_large_image","schema":{"@context":"https:\/\/schema.org","@graph":[{"@type":"WebPage","@id":"https:\/\/renovebath.com\/ca\/empresa\/","url":"https:\/\/renovebath.com\/ca\/empresa\/","name":"Empresa - RENOVEBATH","isPartOf":{"@id":"https:\/\/renovebath.com\/#website"},"datePublished":"2019-06-07T06:57:39+00:00","dateModified":"2025-06-06T11:49:36+00:00","description":"Renovebath pionera a Espanya des de l'any 2000 a la renovaci\u00f3 de banyeres sense necessitat d'obres, \u00e9s la m\u00e9s destacada del seu sector.","breadcrumb":{"@id":"https:\/\/renovebath.com\/ca\/empresa\/#breadcrumb"},"inLanguage":"ca","potentialAction":[{"@type":"ReadAction","target":["https:\/\/renovebath.com\/ca\/empresa\/"]}]},{"@type":"BreadcrumbList","@id":"https:\/\/renovebath.com\/ca\/empresa\/#breadcrumb","itemListElement":[{"@type":"ListItem","position":1,"name":"Portada","item":"https:\/\/renovebath.com\/ca\/home\/"},{"@type":"ListItem","position":2,"name":"Empresa"}]},{"@type":"WebSite","@id":"https:\/\/renovebath.com\/#website","url":"https:\/\/renovebath.com\/","name":"RENOVEBATH","description":"Renovaci\u00f3 de banyera sense obres i reparaci\u00f3 de banyera","publisher":{"@id":"https:\/\/renovebath.com\/#organization"},"potentialAction":[{"@type":"SearchAction","target":{"@type":"EntryPoint","urlTemplate":"https:\/\/renovebath.com\/?s={search_term_string}"},"query-input":{"@type":"PropertyValueSpecification","valueRequired":true,"valueName":"search_term_string"}}],"inLanguage":"ca"},{"@type":"Organization","@id":"https:\/\/renovebath.com\/#organization","name":"Renovebath","url":"https:\/\/renovebath.com\/","logo":{"@type":"ImageObject","inLanguage":"ca","@id":"https:\/\/renovebath.com\/#\/schema\/logo\/image\/","url":"https:\/\/renovebath.com\/wp-content\/uploads\/2019\/11\/logo-renovebath.jpg","contentUrl":"https:\/\/renovebath.com\/wp-content\/uploads\/2019\/11\/logo-renovebath.jpg","width":301,"height":106,"caption":"Renovebath"},"image":{"@id":"https:\/\/renovebath.com\/#\/schema\/logo\/image\/"}}]}},"_links":{"self":[{"href":"https:\/\/renovebath.com\/ca\/wp-json\/wp\/v2\/pages\/1143","targetHints":{"allow":["GET"]}}],"collection":[{"href":"https:\/\/renovebath.com\/ca\/wp-json\/wp\/v2\/pages"}],"about":[{"href":"https:\/\/renovebath.com\/ca\/wp-json\/wp\/v2\/types\/page"}],"author":[{"embeddable":true,"href":"https:\/\/renovebath.com\/ca\/wp-json\/wp\/v2\/users\/2"}],"replies":[{"embeddable":true,"href":"https:\/\/renovebath.com\/ca\/wp-json\/wp\/v2\/comments?post=1143"}],"version-history":[{"count":1,"href":"https:\/\/renovebath.com\/ca\/wp-json\/wp\/v2\/pages\/1143\/revisions"}],"predecessor-version":[{"id":1349,"href":"https:\/\/renovebath.com\/ca\/wp-json\/wp\/v2\/pages\/1143\/revisions\/1349"}],"wp:attachment":[{"href":"https:\/\/renovebath.com\/ca\/wp-json\/wp\/v2\/media?parent=1143"}],"curies":[{"name":"wp","href":"https:\/\/api.w.org\/{rel}","templated":true}]}}