{"id":1189,"date":"2019-11-05T11:47:02","date_gmt":"2019-11-05T10:47:02","guid":{"rendered":"https:\/\/renovebath.com\/aviso-legal\/"},"modified":"2025-02-19T13:15:57","modified_gmt":"2025-02-19T12:15:57","slug":"avis-legal","status":"publish","type":"page","link":"https:\/\/renovebath.com\/ca\/avis-legal\/","title":{"rendered":"Av\u00eds legal"},"content":{"rendered":"\n\n\t<p>Per donar compliment a l&#8217;article 10 de la Llei 34\/2002 de Serveis de la Societat de la Informaci\u00f3 i del Comer\u00e7 Electr\u00f2nic, informem els usuaris de les nostres dades:<\/p>\n<ul>\n<li>Denominaci\u00f3 Social: <strong>DAVID IGNACIO GALINDO GIBBON<\/strong><\/li>\n<li>Domicili Social: <strong>C\/Salvador Espriu, S\/N, 08398, Santa Susanna, Barcelona<\/strong><\/li>\n<li>NIF: <strong>45732528H<\/strong><\/li>\n<li>Tel\u00e8fon:<strong> 93 308 76 54 &#8211; 649 40 40 37<\/strong><\/li>\n<li>E-Mail: <a href=\"mailto:renove@renovebath.com\"><strong>renove@renovebath.com<\/strong><\/a><\/li>\n<li>Web: <a href=\"https:\/\/www.renovebath.com\"><strong>www.renovebath.com<\/strong><\/a><\/li>\n<\/ul>\n<h3>1. OBJECTE<\/h3>\n<p><strong>DAVID IGNACIO GALINDO GIBBON <\/strong>(Des d&#8217;ara tamb\u00e9 el prestador) com a responsable del lloc web, posa a disposici\u00f3 dels usuaris aquest document, que regula l&#8217;\u00fas del lloc web <a href=\"https:\/\/www.renovebath.com\/\"><strong>www.renovebath.com<\/strong><\/a>, amb el qual pretenem donar compliment a les obligacions que disposa la Llei 34\/2002 , de serveis de la Societat de la Informaci\u00f3 i del Comer\u00e7 Electr\u00f2nic (LSSICE o LSSI), aix\u00ed com informar tots els usuaris del lloc web respecte de quins s\u00f3n les condicions d\u00fas del lloc web. A trav\u00e9s de la web, <strong>DAVID IGNACIO GALINDO GIBBON<\/strong> facilita a los usuarios el acceso y utilizaci\u00f3n de diferentes servicios y contenidos puestos a disposici\u00f3n a trav\u00e9s de la web. Tota persona que accedeixi a aquesta web assumeix el paper d&#8217;usuari (d&#8217;ara endavant l&#8217;usuari), i implica l&#8217;acceptaci\u00f3 total i sense reserves de totes i cadascuna de les disposicions incloses en aquest Av\u00eds Legal, aix\u00ed com qualsevol altra disposici\u00f3 legal que fos de aplicaci\u00f3. Com a usuaris, han de llegir atentament aquest Av\u00eds Legal en qualsevol de les ocasions que entrin a la web, ja que aquesta pot patir modificacions ja que el prestador es reserva el dret a modificar qualsevol tipus d&#8217;informaci\u00f3 que pogu\u00e9s apar\u00e8ixer a la web, sense que hi hagi l&#8217;obligaci\u00f3 de preavisar o posar en coneixement dels usuaris aquestes obligacions, i \u00e9s suficient la publicaci\u00f3 al lloc web del prestador.<\/p>\n<h3>2. CONDICIONS D&#8217;ACC\u00c9S I \u00daS DEL WEB<\/h3>\n<p><strong>2.1. Car\u00e0cter gratu\u00eft de l&#8217;acc\u00e9s i l&#8217;\u00fas de la web.<\/strong> La prestaci\u00f3 dels serveis per part de <strong>DAVID IGNACIO GALINDO GIBBON<\/strong> t\u00e9 car\u00e0cter gratu\u00eft per a tots els usuaris. <strong>2.2. Registre d&#8217;usuari.<\/strong> Amb car\u00e0cter general la prestaci\u00f3 dels serveis no exigeix la pr\u00e8via subscripci\u00f3 o registre dels usuaris. <strong>2.3. Veracitat de la informaci\u00f3.<\/strong> Tota la informaci\u00f3 que facilita l&#8217;usuari ha de ser vera\u00e7. A aquest efecte, l&#8217;usuari garanteix l&#8217;autenticitat de les dades comunicades a trav\u00e9s dels formularis per a la subscripci\u00f3 dels serveis. Ser\u00e0 responsabilitat de l&#8217;usuari mantenir tota la informaci\u00f3 facilitada a <strong>DAVID IGNACIO GALINDO GIBBON<\/strong> permanentment actualitzada de manera que respongui, a cada moment, a la seva situaci\u00f3 real. En tot cas, l&#8217;Usuari ser\u00e0 l&#8217;\u00fanic responsable de les manifestacions falses o inexactes que faci i dels perjudicis que causi el prestador o tercers. <strong>2.4. Menors d&#8217;edat.<\/strong> Per a l\u00fas dels serveis, els menors dedat han dobtenir sempre pr\u00e8viament el consentiment dels pares, tutors o representants legals, responsables \u00faltims de tots els actes realitzats pels menors al seu c\u00e0rrec. La responsabilitat en la determinaci\u00f3 de continguts concrets a qu\u00e8 accedeixen els menors correspon a aquells, \u00e9s per aix\u00f2 que si accedeixen a continguts no apropiats per a Internet, s&#8217;hauran d&#8217;establir als seus ordinadors mecanismes, en particular programes inform\u00e0tics, filtres i bloquejos, que permetin limitar els continguts disponibles i, encara que no siguin infal\u00b7libles, s\u00f3n d&#8217;especial utilitat per controlar i restringir els materials a qu\u00e8 poden accedir els menors. <strong>2.5. Obligaci\u00f3 de fer \u00fas correcte de la web.<\/strong> L&#8217;Usuari es compromet a utilitzar la web de conformitat amb la Llei i aquest Av\u00eds Legal, aix\u00ed com la moral i els bons costums. En efecte, l&#8217;Usuari s&#8217;abstindr\u00e0 d&#8217;utilitzar la p\u00e0gina amb finalitats il\u00b7l\u00edcites o prohibides, lesives de drets i interessos de tercers, o que de qualsevol manera puguin danyar, inutilitzar, sobrecarregar, deteriorar o impedir la utilitzaci\u00f3 normal d&#8217;equips inform\u00e0tics o documents, arxius i tota mena de continguts emmagatzemats en qualsevol equip inform\u00e0tic del prestador. En particular, ia t\u00edtol indicatiu, per\u00f2 no exhaustiu, l&#8217;usuari es compromet a no transmetre, difondre o posar a disposici\u00f3 de tercers informacions, dades, continguts, missatges, gr\u00e0fics, dibuixos, arxius de so o imatge, fotografies, enregistraments, programari i , en general, qualsevol classe de material que:<\/p>\n<ul>\n<li>(A) sigui contr\u00e0ria, menysprea o atempti contra els drets fonamentals i les llibertats p\u00fabliques reconegudes constitucionalment, en tractats internacionals i altres normes vigents;<\/li>\n<li>(B) indueixi, inciti o promogui actuacions delictives, denigrat\u00f2ries, difamat\u00f2ries, violentes o, en general, contr\u00e0ries a la llei, a la moral i l&#8217;ordre p\u00fablic;<\/li>\n<li>(C) indueixi, inciti o promogui actuacions, actituds o pensaments discriminatoris per ra\u00f3 de sexe, ra\u00e7a, religi\u00f3, creences, edat o condici\u00f3;<\/li>\n<li>(D) sigui contrari al dret a l&#8217;honor, a la intimitat personal o familiar o la pr\u00f2pia imatge de les persones;<\/li>\n<li>(E) de qualsevol manera perjudiqui la credibilitat del prestador o de tercers; i<\/li>\n<li>(F) constitueixi publicitat il\u00b7l\u00edcita, enganyosa o deslleial.<\/li>\n<\/ul>\n<h3>3. EXCLUSI\u00d3 DE GARANTIES I RESPONSABILITAT<\/h3>\n<p>El prestador s&#8217;eximeix de qualsevol tipus de responsabilitat derivada de la informaci\u00f3 publicada al nostre lloc web, sempre que aquesta informaci\u00f3 hagi estat manipulada o introdu\u00efda per un tercer ali\u00e8. Aquesta web ha estat revisada i provada perqu\u00e8 funcioni correctament. En principi, es pot garantir el funcionament correcte els 365 dies de l&#8217;any, 24 hores al dia. Tot i aix\u00f2, el prestador no descarta la possibilitat que hi hagi determinats errors de programaci\u00f3, o que succeeixin causes de for\u00e7a major, cat\u00e0strofes naturals, vagues, o circumst\u00e0ncies semblants que facin impossible l&#8217;acc\u00e9s a la p\u00e0gina web. <strong>DAVID IGNACIO GALINDO GIBBON<\/strong> no atorga cap garantia ni es fa responsable, en cap cas, dels danys i perjudicis de qualsevol naturalesa que puguin sortir a col\u00b7laci\u00f3 de la manca de disponibilitat, manteniment i efectiu funcionament de la web o dels seus serveis i continguts; de l&#8217;exist\u00e8ncia de virus, programes maliciosos o lesius als continguts; de l&#8217;\u00fas il\u00b7l\u00edcit, negligent, fraudulent o contrari a aquest Av\u00eds legal i condicions d&#8217;\u00fas; o de la manca de licitud, qualitat, fiabilitat, utilitat i disponibilitat dels serveis prestats per tercers i posats a disposici\u00f3 dels usuaris al lloc web. El prestador no es fa responsable sota cap concepte dels danys que puguin dimanar de l\u00fas il\u00b7legal o indegut de la present p\u00e0gina web.<\/p>\n<h3>4. COOKIES<\/h3>\n<p>El lloc web del prestador pot utilitzar cookies (petits fitxers d&#8217;informaci\u00f3 que el servidor envia a l&#8217;ordinador de qui accedeix a la p\u00e0gina) per dur a terme determinades funcions que s\u00f3n considerades imprescindibles per al correcte funcionament i visualitzaci\u00f3 del lloc. Les galetes utilitzades tenen, en tot cas, car\u00e0cter temporal, amb l&#8217;\u00fanica finalitat de fer m\u00e9s efica\u00e7 la navegaci\u00f3, i desapareixen en acabar la sessi\u00f3 de l&#8217;usuari. En cap cas no s&#8217;utilitzaran les cookies per recollir informaci\u00f3 de car\u00e0cter personal. per a m\u00e9s informaci\u00f3, vegeu la nostra <a href=\"https:\/\/www.renovebath.com\/politica-de-cookies\/\" target=\"_blank\" rel=\"noopener\">Pol\u00edtica de Cookies<\/a>.<\/p>\n<h3>5. ENLLA\u00c7OS <em>(LINKS)<\/em><\/h3>\n<p>Des del lloc web \u00e9s possible que es redirigeixi a continguts patrocinats, anuncis i\/o enlla\u00e7os d&#8217;afiliats i\/o de tercers webs. Entre los enlaces facilitados, existe la posibilidad de informar o hacer referencia a productos y \/ o servicios de terceros. At\u00e8s que des de la web no podem controlar els continguts introdu\u00efts pels tercers, <strong>DAVID IGNACIO GALINDO GIBBON<\/strong> no assumeix cap tipus de responsabilitat respecte a aquests continguts, ni garanteix l&#8217;experi\u00e8ncia, la integritat o la qualitat dels seus productes. En tot cas, el prestador manifesta que procedir\u00e0 a la retirada immediata de qualsevol contingut que pogu\u00e9s contravenir la legislaci\u00f3 nacional o internacional, la moral o l&#8217;ordre p\u00fablic, procedint a la retirada immediata de la redirecci\u00f3 a aquests webs, posant en coneixement de les autoritats competents el contingut en q\u00fcesti\u00f3 <strong>DAVID IGNACIO GALINDO GIBBON<\/strong> tindr\u00e0 publicats aquests enlla\u00e7os fins que siguin eliminats o suspesos pel prestador o per l&#8217;anunciant, i no ser\u00e0 responsable encara que aquests anuncis puguin ser indexats per altres cercadors aliens a aquesta web. El prestador no es responsabilitza de la informaci\u00f3 i continguts emmagatzemats, a t\u00edtol enunciatiu per\u00f2 no limitatiu, en f\u00f2rums, xats, generadors de blocs, comentaris, xarxes socials o qualsevol altre mitj\u00e0 que permeti a tercers publicar continguts de forma independent a la p\u00e0gina web del prestador. No obstant aix\u00f2 i en compliment del que disposa l&#8217;art. 11 i 16 de la LSSICE, el prestador es posa a disposici\u00f3 de tots els usuaris, autoritats i forces de seguretat, i col\u00b7laborant de forma activa en la retirada o, quan calgui, el bloqueig de tots aquells continguts que puguin afectar o contravenir la legislaci\u00f3 nacional, o internacional, drets de tercers o la moral i lordre p\u00fablic. En cas que l&#8217;usuari consideri que pot existir algun contingut que pogu\u00e9s ser susceptible d&#8217;aquesta classificaci\u00f3, es prega que ho notifiqui de manera immediata a l&#8217;administrador del lloc web. Tot i aix\u00f2, <strong>DAVID IGNACIO GALINDO GIBBON<\/strong> us informa que qualsevol relaci\u00f3 contractual o extracontractual que l&#8217;usuari formalitzi amb aquests tercers, afiliats o anunciants mitjan\u00e7ant el link proporcionat per aquesta web, ser\u00e0 v\u00e0lid \u00fanica i exclusivament entre l&#8217;usuari i l&#8217;anunciant i\/o tercera persona i <strong>DAVID IGNACIO GALINDO GIBBON<\/strong> no tindr\u00e0 cap mena de responsabilitat sobre els danys o perjudicis que poguessin ser ocasionats per la prestaci\u00f3 de serveis i\/o relacions contractuals o extracontractuals realitzades entre l&#8217;usuari i els anunciants o tercers contactades a trav\u00e9s d&#8217;aquest portal ja que el prestador nom\u00e9s actua com a intermediari o mitj\u00e0 publicitari.<\/p>\n<h3>6. PROTECCI\u00d3 DE DADES PERSONALS<\/h3>\n<p>El prestador est\u00e0 profundament comprom\u00e8s amb el compliment de la normativa de protecci\u00f3 de dades personals i garanteix el compliment \u00edntegre de les obligacions disposades, aix\u00ed com la implementaci\u00f3 de les mesures de seguretat disposades al Reglament Europeu de Protecci\u00f3 de dades i la normativa espanyola de protecci\u00f3 de dades. Per a m\u00e9s informaci\u00f3, vegeu la nostra <a href=\"https:\/\/www.renovebath.com\/politica-privacidad\/\" target=\"_blank\" rel=\"noopener\">Pol\u00edtica de Privadesa<\/a>.<\/p>\n<h3>7. PROPIETAT INTEL\u00b7LECTUAL I INDUSTRIAL<\/h3>\n<p>El lloc web, incloent-hi a t\u00edtol enunciatiu, per\u00f2 no limitatiu: la programaci\u00f3, edici\u00f3, compilaci\u00f3 i altres elements necessaris per al seu funcionament, els dissenys, logotips, textos, fotografies i\/o gr\u00e0fics s\u00f3n propietat del prestador o, en cas que fos necessari, disposa de la llic\u00e8ncia o autoritzaci\u00f3 expressa per part dels autors. Tots els continguts del lloc web estan degudament protegits per la normativa de propietat intel\u00b7lectual i industrial. Independentment de la finalitat per a la qual fossin destinats, la reproducci\u00f3 total o parcial, \u00fas, distribuci\u00f3 i comunicaci\u00f3 p\u00fablica requereixen l&#8217;autoritzaci\u00f3 escrita pr\u00e8via per part del prestador. Qualsevol \u00fas no autoritzat pr\u00e8viament per part del prestador ser\u00e0 considerat un incompliment greu dels drets de propietat intel\u00b7lectual o industrial de lautor. Els dissenys, logotips, text i\/o gr\u00e0fics aliens al prestador i que puguin apar\u00e8ixer al lloc web, pertanyen als seus respectius propietaris, sent ells mateixos responsables de qualsevol possible controv\u00e8rsia que pogu\u00e9s esdevenir respecte a aquests. En tot cas, el prestador compta amb lautoritzaci\u00f3 expressa i pr\u00e8via per part dels mateixos. El prestador reconeix a favor dels seus titulars els corresponents drets de propietat industrial i intel\u00b7lectual, i no implica la menci\u00f3 o aparici\u00f3 al lloc web, de l&#8217;exist\u00e8ncia de drets o responsabilitat del prestador sobre aquests, com tampoc suport, patrocini o recomanaci\u00f3 per part del mateix. Per fer qualsevol tipus d&#8217;observaci\u00f3 respecte a possibles incompliments dels drets de propietat intel\u00b7lectual o industrial, aix\u00ed com sobre qualsevol dels continguts del lloc web, ho podeu fer a trav\u00e9s del correu electr\u00f2nic a dalt ressenyat.<\/p>\n<h3>8. LLEI APLICABLE I JURISDICCI\u00d3<\/h3>\n<p>Per a la resoluci\u00f3 de les controv\u00e8rsies o q\u00fcestions relacionades amb aquesta p\u00e0gina web o de les activitats en aquesta desenvolupades, ser\u00e0 aplicable la legislaci\u00f3 espanyola, a la qual se sotmeten expressament les parts, sent competents per a la resoluci\u00f3 de tots els conflictes derivats o relacionats amb el seu \u00fas els Jutjats i els Tribunals de Barcelona.<\/p>\n\n","protected":false},"excerpt":{"rendered":"<p>Per donar compliment a l&#8217;article 10 de la Llei 34\/2002 de Serveis de la Societat de la Informaci\u00f3 i del Comer\u00e7 Electr\u00f2nic, informem els usuaris de les nostres dades: Denominaci\u00f3 Social: DAVID IGNACIO GALINDO GIBBON Domicili Social: C\/Salvador Espriu, S\/N, 08398, Santa Susanna, Barcelona NIF: 45732528H Tel\u00e8fon: 93 308 76 54 &#8211; 649 40 40&hellip;<\/p>\n","protected":false},"author":2,"featured_media":0,"parent":0,"menu_order":0,"comment_status":"closed","ping_status":"closed","template":"","meta":{"_acf_changed":false,"footnotes":""},"class_list":["post-1189","page","type-page","status-publish","hentry"],"acf":[],"yoast_head":"<!-- This site is optimized with the Yoast SEO plugin v27.2 - https:\/\/yoast.com\/product\/yoast-seo-wordpress\/ -->\n<title>Av\u00eds legal - RENOVEBATH<\/title>\n<meta name=\"description\" content=\"Per donar compliment a l&#039;article 10 de la Llei 34\/2002 de Serveis de la Societat de la Informaci\u00f3 i del Comer\u00e7 Electr\u00f2nic, informem els usuaris de les\" \/>\n<meta name=\"robots\" content=\"noindex, nofollow\" \/>\n<meta property=\"og:locale\" content=\"ca_ES\" \/>\n<meta property=\"og:type\" content=\"article\" \/>\n<meta property=\"og:title\" content=\"Av\u00eds legal - RENOVEBATH\" \/>\n<meta property=\"og:description\" content=\"Per donar compliment a l&#039;article 10 de la Llei 34\/2002 de Serveis de la Societat de la Informaci\u00f3 i del Comer\u00e7 Electr\u00f2nic, informem els usuaris de les\" \/>\n<meta property=\"og:url\" content=\"https:\/\/renovebath.com\/ca\/avis-legal\/\" \/>\n<meta property=\"og:site_name\" content=\"RENOVEBATH\" \/>\n<meta property=\"article:modified_time\" content=\"2025-02-19T12:15:57+00:00\" \/>\n<meta property=\"og:image\" content=\"https:\/\/renovebath.com\/wp-content\/uploads\/2022\/12\/icon.png\" \/>\n\t<meta property=\"og:image:width\" content=\"512\" \/>\n\t<meta property=\"og:image:height\" content=\"512\" \/>\n\t<meta property=\"og:image:type\" content=\"image\/png\" \/>\n<meta name=\"twitter:card\" content=\"summary_large_image\" \/>\n<meta name=\"twitter:label1\" content=\"Temps estimat de lectura\" \/>\n\t<meta name=\"twitter:data1\" content=\"9 minuts\" \/>\n<script type=\"application\/ld+json\" class=\"yoast-schema-graph\">{\"@context\":\"https:\/\/schema.org\",\"@graph\":[{\"@type\":\"WebPage\",\"@id\":\"https:\/\/renovebath.com\/ca\/avis-legal\/\",\"url\":\"https:\/\/renovebath.com\/ca\/avis-legal\/\",\"name\":\"Av\u00eds legal - RENOVEBATH\",\"isPartOf\":{\"@id\":\"https:\/\/renovebath.com\/#website\"},\"datePublished\":\"2019-11-05T10:47:02+00:00\",\"dateModified\":\"2025-02-19T12:15:57+00:00\",\"description\":\"Per donar compliment a l'article 10 de la Llei 34\/2002 de Serveis de la Societat de la Informaci\u00f3 i del Comer\u00e7 Electr\u00f2nic, informem els usuaris de les\",\"breadcrumb\":{\"@id\":\"https:\/\/renovebath.com\/ca\/avis-legal\/#breadcrumb\"},\"inLanguage\":\"ca\",\"potentialAction\":[{\"@type\":\"ReadAction\",\"target\":[\"https:\/\/renovebath.com\/ca\/avis-legal\/\"]}]},{\"@type\":\"BreadcrumbList\",\"@id\":\"https:\/\/renovebath.com\/ca\/avis-legal\/#breadcrumb\",\"itemListElement\":[{\"@type\":\"ListItem\",\"position\":1,\"name\":\"Portada\",\"item\":\"https:\/\/renovebath.com\/ca\/home\/\"},{\"@type\":\"ListItem\",\"position\":2,\"name\":\"Av\u00eds legal\"}]},{\"@type\":\"WebSite\",\"@id\":\"https:\/\/renovebath.com\/#website\",\"url\":\"https:\/\/renovebath.com\/\",\"name\":\"RENOVEBATH\",\"description\":\"Renovaci\u00f3 de banyera sense obres i reparaci\u00f3 de banyera\",\"publisher\":{\"@id\":\"https:\/\/renovebath.com\/#organization\"},\"potentialAction\":[{\"@type\":\"SearchAction\",\"target\":{\"@type\":\"EntryPoint\",\"urlTemplate\":\"https:\/\/renovebath.com\/?s={search_term_string}\"},\"query-input\":{\"@type\":\"PropertyValueSpecification\",\"valueRequired\":true,\"valueName\":\"search_term_string\"}}],\"inLanguage\":\"ca\"},{\"@type\":\"Organization\",\"@id\":\"https:\/\/renovebath.com\/#organization\",\"name\":\"Renovebath\",\"url\":\"https:\/\/renovebath.com\/\",\"logo\":{\"@type\":\"ImageObject\",\"inLanguage\":\"ca\",\"@id\":\"https:\/\/renovebath.com\/#\/schema\/logo\/image\/\",\"url\":\"https:\/\/renovebath.com\/wp-content\/uploads\/2019\/11\/logo-renovebath.jpg\",\"contentUrl\":\"https:\/\/renovebath.com\/wp-content\/uploads\/2019\/11\/logo-renovebath.jpg\",\"width\":301,\"height\":106,\"caption\":\"Renovebath\"},\"image\":{\"@id\":\"https:\/\/renovebath.com\/#\/schema\/logo\/image\/\"}}]}<\/script>\n<!-- \/ Yoast SEO plugin. -->","yoast_head_json":{"title":"Av\u00eds legal - RENOVEBATH","description":"Per donar compliment a l'article 10 de la Llei 34\/2002 de Serveis de la Societat de la Informaci\u00f3 i del Comer\u00e7 Electr\u00f2nic, informem els usuaris de les","robots":{"index":"noindex","follow":"nofollow"},"og_locale":"ca_ES","og_type":"article","og_title":"Av\u00eds legal - RENOVEBATH","og_description":"Per donar compliment a l'article 10 de la Llei 34\/2002 de Serveis de la Societat de la Informaci\u00f3 i del Comer\u00e7 Electr\u00f2nic, informem els usuaris de les","og_url":"https:\/\/renovebath.com\/ca\/avis-legal\/","og_site_name":"RENOVEBATH","article_modified_time":"2025-02-19T12:15:57+00:00","og_image":[{"width":512,"height":512,"url":"https:\/\/renovebath.com\/wp-content\/uploads\/2022\/12\/icon.png","type":"image\/png"}],"twitter_card":"summary_large_image","twitter_misc":{"Temps estimat de lectura":"9 minuts"},"schema":{"@context":"https:\/\/schema.org","@graph":[{"@type":"WebPage","@id":"https:\/\/renovebath.com\/ca\/avis-legal\/","url":"https:\/\/renovebath.com\/ca\/avis-legal\/","name":"Av\u00eds legal - RENOVEBATH","isPartOf":{"@id":"https:\/\/renovebath.com\/#website"},"datePublished":"2019-11-05T10:47:02+00:00","dateModified":"2025-02-19T12:15:57+00:00","description":"Per donar compliment a l'article 10 de la Llei 34\/2002 de Serveis de la Societat de la Informaci\u00f3 i del Comer\u00e7 Electr\u00f2nic, informem els usuaris de les","breadcrumb":{"@id":"https:\/\/renovebath.com\/ca\/avis-legal\/#breadcrumb"},"inLanguage":"ca","potentialAction":[{"@type":"ReadAction","target":["https:\/\/renovebath.com\/ca\/avis-legal\/"]}]},{"@type":"BreadcrumbList","@id":"https:\/\/renovebath.com\/ca\/avis-legal\/#breadcrumb","itemListElement":[{"@type":"ListItem","position":1,"name":"Portada","item":"https:\/\/renovebath.com\/ca\/home\/"},{"@type":"ListItem","position":2,"name":"Av\u00eds legal"}]},{"@type":"WebSite","@id":"https:\/\/renovebath.com\/#website","url":"https:\/\/renovebath.com\/","name":"RENOVEBATH","description":"Renovaci\u00f3 de banyera sense obres i reparaci\u00f3 de banyera","publisher":{"@id":"https:\/\/renovebath.com\/#organization"},"potentialAction":[{"@type":"SearchAction","target":{"@type":"EntryPoint","urlTemplate":"https:\/\/renovebath.com\/?s={search_term_string}"},"query-input":{"@type":"PropertyValueSpecification","valueRequired":true,"valueName":"search_term_string"}}],"inLanguage":"ca"},{"@type":"Organization","@id":"https:\/\/renovebath.com\/#organization","name":"Renovebath","url":"https:\/\/renovebath.com\/","logo":{"@type":"ImageObject","inLanguage":"ca","@id":"https:\/\/renovebath.com\/#\/schema\/logo\/image\/","url":"https:\/\/renovebath.com\/wp-content\/uploads\/2019\/11\/logo-renovebath.jpg","contentUrl":"https:\/\/renovebath.com\/wp-content\/uploads\/2019\/11\/logo-renovebath.jpg","width":301,"height":106,"caption":"Renovebath"},"image":{"@id":"https:\/\/renovebath.com\/#\/schema\/logo\/image\/"}}]}},"_links":{"self":[{"href":"https:\/\/renovebath.com\/ca\/wp-json\/wp\/v2\/pages\/1189","targetHints":{"allow":["GET"]}}],"collection":[{"href":"https:\/\/renovebath.com\/ca\/wp-json\/wp\/v2\/pages"}],"about":[{"href":"https:\/\/renovebath.com\/ca\/wp-json\/wp\/v2\/types\/page"}],"author":[{"embeddable":true,"href":"https:\/\/renovebath.com\/ca\/wp-json\/wp\/v2\/users\/2"}],"replies":[{"embeddable":true,"href":"https:\/\/renovebath.com\/ca\/wp-json\/wp\/v2\/comments?post=1189"}],"version-history":[{"count":2,"href":"https:\/\/renovebath.com\/ca\/wp-json\/wp\/v2\/pages\/1189\/revisions"}],"predecessor-version":[{"id":1200,"href":"https:\/\/renovebath.com\/ca\/wp-json\/wp\/v2\/pages\/1189\/revisions\/1200"}],"wp:attachment":[{"href":"https:\/\/renovebath.com\/ca\/wp-json\/wp\/v2\/media?parent=1189"}],"curies":[{"name":"wp","href":"https:\/\/api.w.org\/{rel}","templated":true}]}}