{"id":1190,"date":"2019-03-13T11:04:09","date_gmt":"2019-03-13T10:04:09","guid":{"rendered":"https:\/\/renovebath.com\/politica-privacidad\/"},"modified":"2025-02-19T13:14:47","modified_gmt":"2025-02-19T12:14:47","slug":"politica-privacitat","status":"publish","type":"page","link":"https:\/\/renovebath.com\/ca\/politica-privacitat\/","title":{"rendered":"Pol\u00edtica de privacitat"},"content":{"rendered":"\n\n\t<h3>INTRODUCCI\u00d3<\/h3>\n<p>La seva privadesa \u00e9s important per a nosaltres, aix\u00ed que, mitjan\u00e7ant aquest document, us expliquem quines dades recollim dels usuaris, com les utilitzem i per a qu\u00e8, entre altres indicacions. Els majors de 14 anys es poden registrar com a usuaris sense el consentiment previ dels seus pares, tutors o representants legals. En cas de menors de 14 anys o identificats com a &#8220;incapa\u00e7os legalment&#8221;, sempre necessitarem del consentiment patern, o del tutor\/ao representant legal.<\/p>\n<p>Per a la vostra informaci\u00f3, mai demanarem m\u00e9s informaci\u00f3 de la que realment necessitarem per als serveis requerits; mai no la compartirem amb tercers, excepte per obligaci\u00f3 legal o amb la seva autoritzaci\u00f3 pr\u00e8via; i mai no utilitzarem les seves dades per a una altra finalitat no indicada pr\u00e8viament.<\/p>\n<p>Com a usuaris, haur\u00e0 de llegir atentament aquesta Pol\u00edtica de privadesa de manera regular, i sempre que introdu\u00efu les vostres dades personals, ja que aquest document pot patir modificacions ja que el prestador pot modificar qualsevol tipus d&#8217;informaci\u00f3 que pogu\u00e9s apar\u00e8ixer a la web per complir amb la normativa o actualitzar la pol\u00edtica, i sense que hi hagi l&#8217;obligaci\u00f3 de preavisar o posar en coneixement dels usuaris aquestes obligacions, i \u00e9s suficient la publicaci\u00f3 al lloc web del prestador.<\/p>\n<h3>RESPONSABLE DEL TRACTAMENT<\/h3>\n<ul>\n<li>Identitat: <strong>DAVID IGNACIO GALINDO GIBBON (<\/strong>tamb\u00e9 el prestador)<\/li>\n<li>NIF: <strong>45732528H<\/strong><\/li>\n<li>Direcci\u00f3 postal:<strong> C\/Salvador Espriu, S\/N, 08398, Santa Susanna, Barcelona <\/strong><\/li>\n<li>Correu electr\u00f2nic: <a href=\"mailto:renove@renovebath.com\"><strong>renove@renovebath.com<\/strong><\/a><\/li>\n<\/ul>\n<p><strong>DAVID IGNACIO GALINDO GIBBON<\/strong>, com a responsable del lloc web, de conformitat amb el que disposa el Reglament (UE) 2016\/679 de 27 d&#8217;abril de 2016 (RGPD) relatiu a la protecci\u00f3 de les persones f\u00edsiques pel que fa al tractament de dades personals ia la lliure circulaci\u00f3 d&#8217;aquestes dades i la resta de normativa vigent en mat\u00e8ria de protecci\u00f3 de dades personals, i per la Llei 34\/2002, d&#8217;11 de juliol, de Serveis de la Societat de la Informaci\u00f3 i del Comer\u00e7 Electr\u00f2nic (LSSICE), us informa que t\u00e9 implementades les mesures de seguretat necess\u00e0ries, d&#8217;\u00edndole t\u00e8cnica i organitzatives, per garantir i protegir la confidencialitat, la integritat i la disponibilitat de les dades introdu\u00efdes.<\/p>\n<h3>M\u00c8TODE D&#8217;OBTENCI\u00d3 DE LES DADES i DADES QUE RECAPTEM<\/h3>\n<p>Les dades que recollim i com les obtenim \u00e9s la seg\u00fcent:<\/p>\n<ol>\n<li>Mitjan\u00e7ant el formulari de contacte: nom, correu electr\u00f2nic, tel\u00e8fon.<\/li>\n<\/ol>\n<p>No es tracten categories de dades especialment protegides.<\/p>\n<h3>FINALITAT DEL TRACTAMENT<\/h3>\n<p>Les vostres dades personals nom\u00e9s s&#8217;utilitzaran per a les seg\u00fcents finalitats, prestant el vostre consentiment per a cadascuna de les finalitats a l&#8217;apartat corresponent de la web:<\/p>\n<ol>\n<li><strong>Formulari de contacte:<\/strong> per respondre a les consultes i\/o proporcionar informacions requerides per l&#8217;Usuari;<\/li>\n<li><strong>WhatsApp:<\/strong> el tractament de les dades que es duguin a terme de les persones que facin una consulta a trav\u00e9s de WhatsApp de DAVID IGNACIO GALINDO GIBBON es regir\u00e0 per aquest apartat, aix\u00ed com aquelles condicions d\u00fas, pol\u00edtiques de privadesa i normatives dacc\u00e9s que pertanyin a laplicaci\u00f3 que procedeixin en cada cas i acceptades pr\u00e8viament per lusuari. DAVID IGNACIO GALINDO GIBBON, tractar\u00e0 les vostres dades amb la finalitat d&#8217;administrar correctament la vostra consulta aix\u00ed com qualsevol altra finalitat de la gesti\u00f3 administrativa del servei. Queda prohibit l&#8217;\u00fas del WhatsApp de DAVID IGNACIO GALINDO GIBBON, per a l&#8217;enviament de continguts que no siguin els necessaris per a la resposta a la consulta i que siguin il\u00b7l\u00edcits per la normativa nacional o internacional que atempti contra els drets fonamentals de les persones i en general que contravinguin els principis de legalitat, honradesa, responsabilitat, protecci\u00f3 de la vida privada, la protecci\u00f3 del consumidor i els drets de propietat intel\u00b7lectual i industrial.<\/li>\n<li><strong>Altres finalitats:<\/strong>\n<ul>\n<li>Realitzar les gestions comercials, administratives, fiscals, comptables que siguin necess\u00e0ries en virtut de la legislaci\u00f3 vigent;<\/li>\n<li>Con\u00e8ixer la vostra opini\u00f3 i millorar els serveis prestats per la web;<\/li>\n<li>Realitzaci\u00f3 d&#8217;an\u00e0lisi d&#8217;usabilitat de la web, a trav\u00e9s de les galetes (esmentades a la pol\u00edtica de galetes);<\/li>\n<li>Xarxes socials: a l&#8217;apartat corresponent s&#8217;especifica l&#8217;\u00fas de les xarxes socials.<\/li>\n<\/ul>\n<\/li>\n<\/ol>\n<p>Les fotografies que estiguin penjades a la web s\u00f3n propietat de DAVID IGNACIO GALINDO GIBBON, incloent-hi les de clients, en les quals, per obtenir-les, s&#8217;ha obtingut el consentiment previ mitjan\u00e7ant la signatura dels formularis realitzats per a aquest efecte. No obstant aix\u00f2, com a titulars de l&#8217;exercici dels seus drets, i sempre amb el requeriment formal previ per escrit, poden indicar la negativa a l&#8217;\u00fas de la seva imatge.<\/p>\n<p>Podeu revocar en qualsevol moment el vostre consentiment remetent un escrit amb l&#8217;assumpte &#8220;Baixa&#8221; al mail ressenyat.<\/p>\nD&#8217;acord amb la LSSICE, DAVID IGNACIO GALINDO GIBBON no fa pr\u00e0ctiques de SPAM, per tant, no envia correus comercials per e-mail que no hagin estat pr\u00e8viament sol\u00b7licitats o autoritzats per l&#8217;Usuari. En conseq\u00fc\u00e8ncia, a totes les comunicacions que rebr\u00e0 del prestador, l&#8217;usuari t\u00e9 la possibilitat de cancel\u00b7lar el seu consentiment expr\u00e9s per rebre les nostres comunicacions.<br \/>\nNo tractarem les vostres dades personals per a cap altre fi de les descrites excepte per obligaci\u00f3 legal o requeriment judicial.<br \/>\nNo ser\u00e0 objecte de decisions basades en tractaments automatitzats que produeixin efectes sobre les vostres dades.\n<h3>LEGITIMACI\u00d3 DEL TRACTAMENT<\/h3>\n<p>La base legal per al tractament de les dades \u00e9s el seu consentiment atorgat en el moment de donar les dades al formulari corresponent per dur a terme les finalitats, en el moment de marcaci\u00f3 de la casella de verificaci\u00f3.<\/p>\n<p>No facilitar les dades personals sol\u00b7licitades o no acceptar aquesta pol\u00edtica de privadesa suposa la impossibilitat d&#8217;aconseguir les finalitats anteriorment descrites.<\/p>\n<p>En els casos en qu\u00e8 hi hagi una relaci\u00f3 contractual pr\u00e8via entre les parts, la legitimaci\u00f3 per al desenvolupament de les obligacions administratives, fiscals, comptables i laborals que siguin necess\u00e0ries en virtut de la legislaci\u00f3 vigent ser\u00e0 <strong>l&#8217;exist\u00e8ncia pr\u00e8via de la relaci\u00f3 comercia<\/strong>l establerta entre les parts.<\/p>\n<p>L&#8217;oferta prospectiva o comercial de productes i serveis est\u00e0 basada en el consentiment que se us demana, sense que en cap cas la retirada d&#8217;aquest consentiment condicioni l&#8217;execuci\u00f3 del contracte de subscripci\u00f3.<\/p>\n<h3>TERMINI DE CONSERVACI\u00d3 DE LES DADES<\/h3>\n<p>Les vostres dades es conservaran mentre duri la relaci\u00f3 comercial amb nosaltres o exerceix el vostre dret de cancel\u00b7laci\u00f3 o oposici\u00f3, o limitaci\u00f3 al tractament. No obstant aix\u00f2, conservarem les vostres dades en els terminis legalment previstos en les disposicions aplicables.<\/p>\n<h3>DESTINATARIS DE CESSIONS O TRANSFER\u00c8NCIES<\/h3>\n<p><strong>DAVID IGNACIO GALINDO GIBBON no duu a terme cap cessi\u00f3 o comunicaci\u00f3 de dades ni dins ni fora de la UE.<\/strong> El prestador \u00fanicament facilitar\u00e0 informaci\u00f3 a les forces i cossos de seguretat sota ordre judicial o per obligaci\u00f3 d&#8217;una norma legal, sense perjudici de poder bloquejar o cancel\u00b7lar el vostre compte si hi pot haver indicis de la comissi\u00f3 d&#8217;algun delicte per part de l&#8217;usuari. La informaci\u00f3 facilitada ser\u00e0 nom\u00e9s la que disposi en aquell moment el prestador.<\/p>\n<p>La informaci\u00f3 que ens proporcioneu a trav\u00e9s d&#8217;aquest lloc web ser\u00e0 allotjada als servidors de <strong>DAVID IGNACIO GALINDO GIBBON<\/strong>, contractats a l&#8217;empresa que presta el servei d&#8217;allotjament de la web. El tractament de les dades de l&#8217;entitat est\u00e0 regulat mitjan\u00e7ant un contracte d&#8217;encarregat del tractament entre el prestador i aquesta empresa.<\/p>\n<p>Aix\u00ed mateix, el prestador utilitza determinades eines per prestar serveis necessaris per al desenvolupament de lactivitat, podent emmagatzemar les seves dades. Aquestes eines s\u00f3n les seg\u00fcents:<\/p>\n<p><strong>Google Analytics<\/strong>: per fer una an\u00e0lisi i m\u00e8trica de l&#8217;\u00fas que els usuaris fan de la web a trav\u00e9s de les cookies. La informaci\u00f3 que generen i recopilen aquestes galetes sobre l&#8217;\u00fas (incloent-hi l&#8217;adre\u00e7a IP) ser\u00e0 directament transmesa i arxivada per Google Inc., ubicada a Delaware, 1600 Amphitheatre Parkway, muntar\u00e9 View (Calif\u00f2rnia), CA 94043 dels Estats Units ( &#8221; Google &#8221; ), als seus servidors dels Estats Units.<\/p>\n<h3>DRETS DE LES PERSONES INTERESSADES<\/h3>\n<p>Com a usuari-interessat, podeu sol\u00b7licitar l&#8217;exercici dels seg\u00fcents drets davant <strong>DAVID IGNACIO GALINDO GIBBON <\/strong>presentant un escrit a l&#8217;adre\u00e7a postal de l&#8217;encap\u00e7alament o enviant un correu electr\u00f2nic a <a href=\"mailto:renove@renovebath.com\">renove@renovebath.com<\/a>, indicant com a Assumpte: &#8220;PROTECCI\u00d3 DE DADES: DRETS DELS AFECTATS &#8220;, i adjuntant fotoc\u00f2pia del seu DNI o qualsevol mitj\u00e0 an\u00e0leg en dret, tal com indica la llei.<\/p>\n<p>Drets:<\/p>\n<ul>\n<li><strong>Dret d&#8217;acc\u00e9s:<\/strong> permet a l&#8217;interessat con\u00e8ixer i obtenir informaci\u00f3 sobre les vostres dades de car\u00e0cter personal sotmeses a tractament.<\/li>\n<li><strong>Dret de rectificaci\u00f3 o supressi\u00f3:<\/strong> permet corregir errors i modificar les dades que resultin ser inexactes o incomplets<\/li>\n<li><strong>Dret de cancel\u00b7laci\u00f3:<\/strong> permet que se suprimeixin les dades que siguin inadequades o excessives<\/li>\n<li><strong>Dret d&#8217;oposici\u00f3:<\/strong> dret de l&#8217;interessat que no es dugui a terme el tractament de les vostres dades de car\u00e0cter personal o s&#8217;hi cessi.<\/li>\n<li><strong>Limitaci\u00f3 del tractament:<\/strong> comporta el marcatge de les dades personals conservades, per tal de limitar-ne el futur tractament, per a l&#8217;exercici o la defensa de reclamacions.<\/li>\n<li><strong>Portabilitat de les dades:<\/strong> facilitaci\u00f3 de les dades objecte de tractament a linteressat, perqu\u00e8 aquest pugui transmetre a un altre responsable, sense impediments.<\/li>\n<li><strong>Dret a no ser objecte de decisions individuals automatitzades (inclosa l&#8217;elaboraci\u00f3 de perfils)<\/strong>: dret a no ser objecte d&#8217;una decisi\u00f3 basada en el tractament automatitzat que produeixi efectes o afecti significativament<\/li>\n<\/ul>\n<p>Com a usuari, teniu dret a retirar el consentiment donat en qualsevol moment. La retirada del consentiment no afecta la licitud del tractament efectuat abans de la retirada del consentiment.<\/p>\n<p>Tamb\u00e9 t\u00e9 dret a presentar una reclamaci\u00f3 davant l&#8217;autoritat de control si considera que els seus drets s&#8217;han vist vulnerats en relaci\u00f3 amb la protecci\u00f3 de les seves dades (aepd.es).<\/p>\n<h3>INFORMACI\u00d3 ADDICIONAL<\/h3>\n<p><strong>MESURES DE SEGURETAT:<\/strong><\/p>\n<p>Les dades que ens faciliti es tractaran de manera confidencial. El prestador ha adoptat totes les mesures t\u00e8cniques i organitzatives i tots els nivells de protecci\u00f3 necessaris per garantir la seguretat en el tractament de les dades i evitar-ne l&#8217;alteraci\u00f3, la p\u00e8rdua, el robatori, el tractament o l&#8217;acc\u00e9s no autoritzat, d&#8217;acord amb l&#8217;estat de la tecnologia i naturalesa de les dades emmagatzemades. Aix\u00ed mateix, es garanteix tamb\u00e9 que el tractament i registre en fitxers, programes, sistemes o equips, locals i centres compleixen els requisits i les condicions d&#8217;integritat i seguretat establertes a la normativa vigent.<\/p>\n<h3>IDIOMA<\/h3>\n<p>L&#8217;idioma aplicable a aquesta pol\u00edtica de privadesa \u00e9s el castell\u00e0. Per tant, en cas que hi hagu\u00e9s alguna contradicci\u00f3 en alguna de les versions facilitades en altres idiomes, prevaldr\u00e0 la versi\u00f3 en catal\u00e0.<\/p>\n<h3>XARXES SOCIALS<\/h3>\n<p>Us informem que <strong>DAVID IGNACIO GALINDO GIBBON<\/strong> pot tenir pres\u00e8ncia a xarxes socials. El tractament de les dades que es porti a terme de les persones que es facin seguidores a les xarxes socials (i\/o realitzin qualsevol enlla\u00e7 o acci\u00f3 de connexi\u00f3 a trav\u00e9s de les xarxes socials) de les p\u00e0gines oficials de <strong>DAVID IGNACIO GALINDO GIBBON <\/strong>es regir\u00e0 per aquest apartat, aix\u00ed com per a aquelles condicions d\u00fas, pol\u00edtiques de privadesa i normatives dacc\u00e9s que pertanyin a la xarxa social que procedeixi en cada cas i acceptades pr\u00e8viament per lusuari.<\/p>\n<p><strong>DAVID IGNACIO GALINDO GIBBON<\/strong> tractar\u00e0 les vostres dades amb les finalitats d&#8217;administrar correctament la vostra pres\u00e8ncia a la xarxa social, informant d&#8217;activitats, productes o serveis del prestador, aix\u00ed com per a qualsevol altra finalitat que les normatives de les Xarxes Socials permetin.<\/p>\n<p>Queda prohibida la publicaci\u00f3 de continguts:<\/p>\n<ul>\n<li>Que siguin presumptament il\u00b7l\u00edcits per la normativa nacional, comunit\u00e0ria o internacional o que facin activitats presumptament il\u00b7l\u00edcites o contravinguin els principis de la bona fe.<\/li>\n<li>Que atemptin contra els drets fonamentals de les persones, faltin a la cortesia a la xarxa, molestin o puguin generar opinions negatives en els nostres usuaris o tercers i en general siguin quins siguin els continguts que DAVID IGNACIO GALINDO GIBBON considereu inadequats.<\/li>\n<li>I, en general, que contravinguin els principis de legalitat, honradesa, responsabilitat, protecci\u00f3 de la dignitat humana, protecci\u00f3 de menors, protecci\u00f3 de l&#8217;ordre p\u00fablic, la protecci\u00f3 de la vida privada, la protecci\u00f3 del consumidor i els drets de propietat intel\u00b7lectual i industrial.<\/li>\n<\/ul>\n<p>Aix\u00ed mateix, <strong>DAVID IGNACIO GALINDO GIBBON<\/strong> es reserva la potestat de retirar, sense av\u00eds previ del lloc web o de la xarxa social corporativa aquells continguts que es consideren inadequats.<\/p>\n<p>En tot cas, si remet informaci\u00f3 personal a trav\u00e9s de la xarxa social, DAVID IGNACIO GALINDO GIBBON quedar\u00e0 exempt de responsabilitat en relaci\u00f3 amb les mesures de seguretat aplicables a aquesta plataforma i l&#8217;usuari, en cas de voler-les con\u00e8ixer, ha de consultar les condicions particulars corresponents de la xarxa en q\u00fcesti\u00f3.<\/p>\n<h3>PUBLICACI\u00d3 DEL SEU TESTIMONI<\/h3>\n<p>En cas que l&#8217;usuari vulgui publicar la seva opini\u00f3 a la web, us informem que les dades aportades seran tractades per atendre els suggeriments proposats, experi\u00e8ncies o opinions respecte dels serveis per ser publicats a la p\u00e0gina web i aix\u00ed poder ajudar altres usuaris. Les dades es conservaran mentre hi hagi un inter\u00e8s mutu per mantenir la fi del tractament i quan ja no sigui necessari per a aquest fi, se suprimiran amb mesures de seguretat adequades per garantir la pseudonimitzaci\u00f3 de les dades o destrucci\u00f3 total d&#8217;aquestes. Els testimonis es publicaran a la nostra p\u00e0gina web. L\u00fanica dada personal que es publicar\u00e0 del testimoni ser\u00e0 el seu nom.<\/p>\n<h3>CANVIS A LA PRESENT POL\u00cdTICA DE PRIVACITAT<\/h3>\n<p><strong>DAVID IGNACIO GALINDO GIBBON<\/strong> es reserva el dret a modificar aquesta pol\u00edtica per adaptar-la a novetats legislatives o jurisprudencials.<\/p>\n<h3>REVOCABILITAT<\/h3>\n<p>El consentiment prestat, tant pel tractament com per a la cessi\u00f3 de les dades dels interessats, \u00e9s revocable en qualsevol moment comunicant-ho a\u00a0<strong>DAVID IGNACIO GALINDO GIBBON<\/strong> en els termes establerts en aquesta pol\u00edtica per a l&#8217;exercici dels drets. Aquesta revocaci\u00f3 en cap cas no t\u00e9 car\u00e0cter retroactiu.<\/p>\n<h3>LEGISLACI\u00d3<\/h3>\n<p>Amb car\u00e0cter general les relacions entre <strong>DAVID IGNACIO GALINDO GIBBON<\/strong> amb els Usuaris dels seus serveis telem\u00e0tics, presents en aquesta web, estan sotmesos a la legislaci\u00f3 i jurisdicci\u00f3 espanyola a qu\u00e8 se sotmeten expressament les parts, sent competents per a la resoluci\u00f3 de tots els conflictes derivats o relacionats amb el seu \u00fas els Jutjats i Tribunals de Barcelona.<\/p>\n\n","protected":false},"excerpt":{"rendered":"<p>INTRODUCCI\u00d3 La seva privadesa \u00e9s important per a nosaltres, aix\u00ed que, mitjan\u00e7ant aquest document, us expliquem quines dades recollim dels usuaris, com les utilitzem i per a qu\u00e8, entre altres indicacions. Els majors de 14 anys es poden registrar com a usuaris sense el consentiment previ dels seus pares, tutors o representants legals. En cas&hellip;<\/p>\n","protected":false},"author":2,"featured_media":0,"parent":0,"menu_order":0,"comment_status":"closed","ping_status":"open","template":"","meta":{"_acf_changed":false,"footnotes":""},"class_list":["post-1190","page","type-page","status-publish","hentry"],"acf":[],"yoast_head":"<!-- This site is optimized with the Yoast SEO plugin v27.2 - https:\/\/yoast.com\/product\/yoast-seo-wordpress\/ -->\n<title>Pol\u00edtica de privacitat - RENOVEBATH<\/title>\n<meta name=\"description\" content=\"INTRODUCCI\u00d3 La seva privadesa \u00e9s important per a nosaltres, aix\u00ed que, mitjan\u00e7ant aquest document, us expliquem quines dades recollim dels usuaris, com les\" \/>\n<meta name=\"robots\" content=\"noindex, nofollow\" \/>\n<meta property=\"og:locale\" content=\"ca_ES\" \/>\n<meta property=\"og:type\" content=\"article\" \/>\n<meta property=\"og:title\" content=\"Pol\u00edtica de privacitat - RENOVEBATH\" \/>\n<meta property=\"og:description\" content=\"INTRODUCCI\u00d3 La seva privadesa \u00e9s important per a nosaltres, aix\u00ed que, mitjan\u00e7ant aquest document, us expliquem quines dades recollim dels usuaris, com les\" \/>\n<meta property=\"og:url\" content=\"https:\/\/renovebath.com\/ca\/politica-privacitat\/\" \/>\n<meta property=\"og:site_name\" content=\"RENOVEBATH\" \/>\n<meta property=\"article:modified_time\" content=\"2025-02-19T12:14:47+00:00\" \/>\n<meta property=\"og:image\" content=\"https:\/\/renovebath.com\/wp-content\/uploads\/2022\/12\/icon.png\" \/>\n\t<meta property=\"og:image:width\" content=\"512\" \/>\n\t<meta property=\"og:image:height\" content=\"512\" \/>\n\t<meta property=\"og:image:type\" content=\"image\/png\" \/>\n<meta name=\"twitter:card\" content=\"summary_large_image\" \/>\n<meta name=\"twitter:label1\" content=\"Temps estimat de lectura\" \/>\n\t<meta name=\"twitter:data1\" content=\"11 minuts\" \/>\n<script type=\"application\/ld+json\" class=\"yoast-schema-graph\">{\"@context\":\"https:\/\/schema.org\",\"@graph\":[{\"@type\":\"WebPage\",\"@id\":\"https:\/\/renovebath.com\/ca\/politica-privacitat\/\",\"url\":\"https:\/\/renovebath.com\/ca\/politica-privacitat\/\",\"name\":\"Pol\u00edtica de privacitat - RENOVEBATH\",\"isPartOf\":{\"@id\":\"https:\/\/renovebath.com\/#website\"},\"datePublished\":\"2019-03-13T10:04:09+00:00\",\"dateModified\":\"2025-02-19T12:14:47+00:00\",\"description\":\"INTRODUCCI\u00d3 La seva privadesa \u00e9s important per a nosaltres, aix\u00ed que, mitjan\u00e7ant aquest document, us expliquem quines dades recollim dels usuaris, com les\",\"breadcrumb\":{\"@id\":\"https:\/\/renovebath.com\/ca\/politica-privacitat\/#breadcrumb\"},\"inLanguage\":\"ca\",\"potentialAction\":[{\"@type\":\"ReadAction\",\"target\":[\"https:\/\/renovebath.com\/ca\/politica-privacitat\/\"]}]},{\"@type\":\"BreadcrumbList\",\"@id\":\"https:\/\/renovebath.com\/ca\/politica-privacitat\/#breadcrumb\",\"itemListElement\":[{\"@type\":\"ListItem\",\"position\":1,\"name\":\"Portada\",\"item\":\"https:\/\/renovebath.com\/ca\/home\/\"},{\"@type\":\"ListItem\",\"position\":2,\"name\":\"Pol\u00edtica de privacitat\"}]},{\"@type\":\"WebSite\",\"@id\":\"https:\/\/renovebath.com\/#website\",\"url\":\"https:\/\/renovebath.com\/\",\"name\":\"RENOVEBATH\",\"description\":\"Renovaci\u00f3 de banyera sense obres i reparaci\u00f3 de banyera\",\"publisher\":{\"@id\":\"https:\/\/renovebath.com\/#organization\"},\"potentialAction\":[{\"@type\":\"SearchAction\",\"target\":{\"@type\":\"EntryPoint\",\"urlTemplate\":\"https:\/\/renovebath.com\/?s={search_term_string}\"},\"query-input\":{\"@type\":\"PropertyValueSpecification\",\"valueRequired\":true,\"valueName\":\"search_term_string\"}}],\"inLanguage\":\"ca\"},{\"@type\":\"Organization\",\"@id\":\"https:\/\/renovebath.com\/#organization\",\"name\":\"Renovebath\",\"url\":\"https:\/\/renovebath.com\/\",\"logo\":{\"@type\":\"ImageObject\",\"inLanguage\":\"ca\",\"@id\":\"https:\/\/renovebath.com\/#\/schema\/logo\/image\/\",\"url\":\"https:\/\/renovebath.com\/wp-content\/uploads\/2019\/11\/logo-renovebath.jpg\",\"contentUrl\":\"https:\/\/renovebath.com\/wp-content\/uploads\/2019\/11\/logo-renovebath.jpg\",\"width\":301,\"height\":106,\"caption\":\"Renovebath\"},\"image\":{\"@id\":\"https:\/\/renovebath.com\/#\/schema\/logo\/image\/\"}}]}<\/script>\n<!-- \/ Yoast SEO plugin. -->","yoast_head_json":{"title":"Pol\u00edtica de privacitat - RENOVEBATH","description":"INTRODUCCI\u00d3 La seva privadesa \u00e9s important per a nosaltres, aix\u00ed que, mitjan\u00e7ant aquest document, us expliquem quines dades recollim dels usuaris, com les","robots":{"index":"noindex","follow":"nofollow"},"og_locale":"ca_ES","og_type":"article","og_title":"Pol\u00edtica de privacitat - RENOVEBATH","og_description":"INTRODUCCI\u00d3 La seva privadesa \u00e9s important per a nosaltres, aix\u00ed que, mitjan\u00e7ant aquest document, us expliquem quines dades recollim dels usuaris, com les","og_url":"https:\/\/renovebath.com\/ca\/politica-privacitat\/","og_site_name":"RENOVEBATH","article_modified_time":"2025-02-19T12:14:47+00:00","og_image":[{"width":512,"height":512,"url":"https:\/\/renovebath.com\/wp-content\/uploads\/2022\/12\/icon.png","type":"image\/png"}],"twitter_card":"summary_large_image","twitter_misc":{"Temps estimat de lectura":"11 minuts"},"schema":{"@context":"https:\/\/schema.org","@graph":[{"@type":"WebPage","@id":"https:\/\/renovebath.com\/ca\/politica-privacitat\/","url":"https:\/\/renovebath.com\/ca\/politica-privacitat\/","name":"Pol\u00edtica de privacitat - RENOVEBATH","isPartOf":{"@id":"https:\/\/renovebath.com\/#website"},"datePublished":"2019-03-13T10:04:09+00:00","dateModified":"2025-02-19T12:14:47+00:00","description":"INTRODUCCI\u00d3 La seva privadesa \u00e9s important per a nosaltres, aix\u00ed que, mitjan\u00e7ant aquest document, us expliquem quines dades recollim dels usuaris, com les","breadcrumb":{"@id":"https:\/\/renovebath.com\/ca\/politica-privacitat\/#breadcrumb"},"inLanguage":"ca","potentialAction":[{"@type":"ReadAction","target":["https:\/\/renovebath.com\/ca\/politica-privacitat\/"]}]},{"@type":"BreadcrumbList","@id":"https:\/\/renovebath.com\/ca\/politica-privacitat\/#breadcrumb","itemListElement":[{"@type":"ListItem","position":1,"name":"Portada","item":"https:\/\/renovebath.com\/ca\/home\/"},{"@type":"ListItem","position":2,"name":"Pol\u00edtica de privacitat"}]},{"@type":"WebSite","@id":"https:\/\/renovebath.com\/#website","url":"https:\/\/renovebath.com\/","name":"RENOVEBATH","description":"Renovaci\u00f3 de banyera sense obres i reparaci\u00f3 de banyera","publisher":{"@id":"https:\/\/renovebath.com\/#organization"},"potentialAction":[{"@type":"SearchAction","target":{"@type":"EntryPoint","urlTemplate":"https:\/\/renovebath.com\/?s={search_term_string}"},"query-input":{"@type":"PropertyValueSpecification","valueRequired":true,"valueName":"search_term_string"}}],"inLanguage":"ca"},{"@type":"Organization","@id":"https:\/\/renovebath.com\/#organization","name":"Renovebath","url":"https:\/\/renovebath.com\/","logo":{"@type":"ImageObject","inLanguage":"ca","@id":"https:\/\/renovebath.com\/#\/schema\/logo\/image\/","url":"https:\/\/renovebath.com\/wp-content\/uploads\/2019\/11\/logo-renovebath.jpg","contentUrl":"https:\/\/renovebath.com\/wp-content\/uploads\/2019\/11\/logo-renovebath.jpg","width":301,"height":106,"caption":"Renovebath"},"image":{"@id":"https:\/\/renovebath.com\/#\/schema\/logo\/image\/"}}]}},"_links":{"self":[{"href":"https:\/\/renovebath.com\/ca\/wp-json\/wp\/v2\/pages\/1190","targetHints":{"allow":["GET"]}}],"collection":[{"href":"https:\/\/renovebath.com\/ca\/wp-json\/wp\/v2\/pages"}],"about":[{"href":"https:\/\/renovebath.com\/ca\/wp-json\/wp\/v2\/types\/page"}],"author":[{"embeddable":true,"href":"https:\/\/renovebath.com\/ca\/wp-json\/wp\/v2\/users\/2"}],"replies":[{"embeddable":true,"href":"https:\/\/renovebath.com\/ca\/wp-json\/wp\/v2\/comments?post=1190"}],"version-history":[{"count":2,"href":"https:\/\/renovebath.com\/ca\/wp-json\/wp\/v2\/pages\/1190\/revisions"}],"predecessor-version":[{"id":1197,"href":"https:\/\/renovebath.com\/ca\/wp-json\/wp\/v2\/pages\/1190\/revisions\/1197"}],"wp:attachment":[{"href":"https:\/\/renovebath.com\/ca\/wp-json\/wp\/v2\/media?parent=1190"}],"curies":[{"name":"wp","href":"https:\/\/api.w.org\/{rel}","templated":true}]}}